{"id":1308,"date":"2026-02-15T20:01:30","date_gmt":"2026-02-15T18:01:30","guid":{"rendered":"https:\/\/workhost.pro\/whois\/"},"modified":"2026-03-15T13:58:53","modified_gmt":"2026-03-15T11:58:53","slug":"whois","status":"publish","type":"page","link":"https:\/\/workhost.pro\/es\/whois\/","title":{"rendered":"WHOIS"},"content":{"rendered":"\t\t<div data-elementor-type=\"wp-page\" data-elementor-id=\"1308\" class=\"elementor elementor-1308 elementor-161\" data-elementor-post-type=\"page\">\n\t\t\t\t<div class=\"elementor-element elementor-element-756e15e e-flex e-con-boxed e-con e-parent\" data-id=\"756e15e\" data-element_type=\"container\" data-e-type=\"container\" data-settings=\"{&quot;background_background&quot;:&quot;classic&quot;}\">\n\t\t\t\t\t<div class=\"e-con-inner\">\n\t\t<div class=\"elementor-element elementor-element-2f1067e e-flex e-con-boxed e-con e-child\" data-id=\"2f1067e\" data-element_type=\"container\" data-e-type=\"container\">\n\t\t\t\t\t<div class=\"e-con-inner\">\n\t\t\t\t<div class=\"elementor-element elementor-element-567944a elementor-widget elementor-widget-heading\" data-id=\"567944a\" data-element_type=\"widget\" data-e-type=\"widget\" data-widget_type=\"heading.default\">\n\t\t\t\t\t<h1 class=\"elementor-heading-title elementor-size-default\">WHOIS<\/h1>\t\t\t\t<\/div>\n\t\t\t\t<div class=\"elementor-element elementor-element-3daf602 elementor-widget elementor-widget-heading\" data-id=\"3daf602\" data-element_type=\"widget\" data-e-type=\"widget\" data-widget_type=\"heading.default\">\n\t\t\t\t\t<h4 class=\"elementor-heading-title elementor-size-default\">Servicio de verificaci\u00f3n de dominios<\/h4>\t\t\t\t<\/div>\n\t\t\t\t<div class=\"elementor-element elementor-element-28abf02 elementor-widget elementor-widget-text-editor\" data-id=\"28abf02\" data-element_type=\"widget\" data-e-type=\"widget\" data-widget_type=\"text-editor.default\">\n\t\t\t\t\t\t\t\t\t<nav aria-label=\"breadcrumbs\" class=\"rank-math-breadcrumb\"><p><span class=\"last\">Inicio<\/span><\/p><\/nav>\t\t\t\t\t\t\t\t<\/div>\n\t\t\t\t\t<\/div>\n\t\t\t\t<\/div>\n\t\t\t\t\t<\/div>\n\t\t\t\t<\/div>\n\t\t<div class=\"elementor-element elementor-element-06198e9 e-flex e-con-boxed e-con e-parent\" data-id=\"06198e9\" data-element_type=\"container\" data-e-type=\"container\">\n\t\t\t\t\t<div class=\"e-con-inner\">\n\t\t<div class=\"elementor-element elementor-element-d352b59 e-con-full e-flex e-con e-child\" data-id=\"d352b59\" data-element_type=\"container\" data-e-type=\"container\">\n\t\t\t\t<div class=\"elementor-element elementor-element-e0b9aeb elementor-mobile-align-justify elementor-widget-mobile__width-inherit elementor-widget elementor-widget-button\" data-id=\"e0b9aeb\" data-element_type=\"widget\" data-e-type=\"widget\" data-widget_type=\"button.default\">\n\t\t\t\t\t\t\t\t\t\t<a class=\"elementor-button elementor-button-link elementor-size-sm\" href=\"https:\/\/workhost.pro\/reyestracziya-domeniv\/\">\n\t\t\t\t\t\t<span class=\"elementor-button-content-wrapper\">\n\t\t\t\t\t\t\t\t\t<span class=\"elementor-button-text\">Registro de dominios<\/span>\n\t\t\t\t\t<\/span>\n\t\t\t\t\t<\/a>\n\t\t\t\t\t\t\t\t<\/div>\n\t\t\t\t<div class=\"elementor-element elementor-element-5259558 elementor-mobile-align-justify elementor-widget-mobile__width-inherit elementor-widget elementor-widget-button\" data-id=\"5259558\" data-element_type=\"widget\" data-e-type=\"widget\" data-widget_type=\"button.default\">\n\t\t\t\t\t\t\t\t\t\t<a class=\"elementor-button elementor-button-link elementor-size-sm\" href=\"https:\/\/my.workhost.pro\/index.php?\/checkdomain\/category-1\/#transfer\">\n\t\t\t\t\t\t<span class=\"elementor-button-content-wrapper\">\n\t\t\t\t\t\t\t\t\t<span class=\"elementor-button-text\">Transferencia de dominio<\/span>\n\t\t\t\t\t<\/span>\n\t\t\t\t\t<\/a>\n\t\t\t\t\t\t\t\t<\/div>\n\t\t\t\t<div class=\"elementor-element elementor-element-ea34d47 elementor-mobile-align-justify elementor-widget-mobile__width-inherit elementor-widget elementor-widget-button\" data-id=\"ea34d47\" data-element_type=\"widget\" data-e-type=\"widget\" data-widget_type=\"button.default\">\n\t\t\t\t\t\t\t\t\t\t<a class=\"elementor-button elementor-button-link elementor-size-sm\" href=\"#\">\n\t\t\t\t\t\t<span class=\"elementor-button-content-wrapper\">\n\t\t\t\t\t\t\t\t\t<span class=\"elementor-button-text\">Precios de dominios<\/span>\n\t\t\t\t\t<\/span>\n\t\t\t\t\t<\/a>\n\t\t\t\t\t\t\t\t<\/div>\n\t\t\t\t<div class=\"elementor-element elementor-element-1737259 elementor-mobile-align-justify elementor-widget-mobile__width-inherit elementor-widget elementor-widget-button\" data-id=\"1737259\" data-element_type=\"widget\" data-e-type=\"widget\" data-widget_type=\"button.default\">\n\t\t\t\t\t\t\t\t\t\t<a class=\"elementor-button elementor-button-link elementor-size-sm\" href=\"#\">\n\t\t\t\t\t\t<span class=\"elementor-button-content-wrapper\">\n\t\t\t\t\t\t\t\t\t<span class=\"elementor-button-text\">C\u00f3mo elegir el dominio adecuado<\/span>\n\t\t\t\t\t<\/span>\n\t\t\t\t\t<\/a>\n\t\t\t\t\t\t\t\t<\/div>\n\t\t\t\t<\/div>\n\t\t\t\t\t<\/div>\n\t\t\t\t<\/div>\n\t\t<div class=\"elementor-element elementor-element-9c87bfa e-flex e-con-boxed e-con e-parent\" data-id=\"9c87bfa\" data-element_type=\"container\" data-e-type=\"container\">\n\t\t\t\t\t<div class=\"e-con-inner\">\n\t\t<div class=\"elementor-element elementor-element-e7bf845 e-con-full e-flex e-con e-child\" data-id=\"e7bf845\" data-element_type=\"container\" data-e-type=\"container\">\n\t\t\t\t<div class=\"elementor-element elementor-element-62a4726 elementor-widget elementor-widget-text-editor\" data-id=\"62a4726\" data-element_type=\"widget\" data-e-type=\"widget\" data-widget_type=\"text-editor.default\">\n\t\t\t\t\t\t\t\t\t<p><b data-path-to-node=\"6,0\" data-index-in-node=\"0\">El servicio WHOIS<\/b> proporciona acceso a los datos de registro de dominios y direcciones IP en tiempo real. Obtenga informaci\u00f3n actualizada sobre los propietarios, las fechas de registro y los servidores de nombres (NS). Esto no solo ayuda a verificar el historial del dominio antes de la compra, sino tambi\u00e9n a resolver r\u00e1pidamente problemas de seguridad de red o administraci\u00f3n.<\/p>\t\t\t\t\t\t\t\t<\/div>\n\t\t\t\t<\/div>\n\t\t\t\t\t<\/div>\n\t\t\t\t<\/div>\n\t\t<div class=\"elementor-element elementor-element-f5f21ce e-flex e-con-boxed e-con e-parent\" data-id=\"f5f21ce\" data-element_type=\"container\" data-e-type=\"container\">\n\t\t\t\t\t<div class=\"e-con-inner\">\n\t\t<div class=\"elementor-element elementor-element-ad6d835 e-con-full e-flex e-con e-child\" data-id=\"ad6d835\" data-element_type=\"container\" data-e-type=\"container\">\n\t\t\t\t<div class=\"elementor-element elementor-element-9f764fd elementor-widget-mobile__width-initial elementor-widget elementor-widget-heading\" data-id=\"9f764fd\" data-element_type=\"widget\" data-e-type=\"widget\" data-widget_type=\"heading.default\">\n\t\t\t\t\t<span class=\"elementor-heading-title elementor-size-default\">Ejemplos de b\u00fasqueda: <span style=\"color: #1559ED\"><strong>workweb.com, 31.220.92.77<\/strong><\/span> o <span style=\"color: #1559ED\"><strong>2a02:c207:2265:8152::1<\/span><\/strong><\/span>\t\t\t\t<\/div>\n\t\t\t\t<div class=\"elementor-element elementor-element-2544276 elementor-widget elementor-widget-shortcode\" data-id=\"2544276\" data-element_type=\"widget\" data-e-type=\"widget\" data-widget_type=\"shortcode.default\">\n\t\t\t\t\t\t\t<div class=\"elementor-shortcode\"><div id=\"wdc_69e07d9dca506\" class=\"wdc-form wdc-style-1-clean \" data-wdc-style=\"1\" style=\"--search-button-bg-color: #6ca1e1; --search-button-text-color: #ffffff; --search-button-border-color: #6ca1e1; --search-input-bg-color: #ffffff; --search-input-border-color: #d1d5db; --search-input-text-color: #374151; --purchase-button-bg-color: #2ab867; --purchase-button-text-color: #ffffff; --whois-button-bg-color: #374151; --whois-button-text-color: #ffffff; --skeleton-color: #e5e7eb; --result-item-bg-color: #f1f3f4; --domain-name-color: #374151; --status-available-color: #10b981; --status-taken-color: #dd280f; --price-text-color: #374151\">\n            <div class=\"wdc-style-1-clean-container\" style=\"max-width:900px;\">\n                <form method=\"post\" action=\"\" id=\"form\" class=\"wdc-style-1-clean-form\" data-wdc-style=\"1\">\n                    <input type=\"hidden\" name=\"multiple_tld\" value=\"partial\">\n                    <input type=\"hidden\" name=\"whoislookuponly\" value=\"yes\">\n                    <input type=\"hidden\" name=\"integration\" value=\"custom\">\n                    <input type=\"hidden\" name=\"available_msg\" value=\"\u0414\u043e\u0441\u0442\u0443\u043f\u043d\u0438\u0439\">\n                    <input type=\"hidden\" name=\"unavailable_msg\" value=\"\u041d\u0435\u0434\u043e\u0441\u0442\u0443\u043f\u043d\u043e\">\n                    <input type=\"hidden\" name=\"item_id\" value=\"https:\/\/example.com\/domain?domain={domain}\">\n                    <input type=\"hidden\" name=\"url\" value=\"\">\n                    <input type=\"hidden\" name=\"allowed_tld\" value=\"\">\n                    <input type=\"hidden\" name=\"tld\" value=\"\">\n                    <input type=\"hidden\" name=\"whois_button\" value=\"custom\">\n                    <input type=\"hidden\" name=\"custom_price\" value=\"\">\n\n                    <div class=\"wdc-style-1-clean-search-container\">\n                        <input type=\"text\" class=\"wdc-style-1-clean-search-input\" autocomplete=\"off\" id=\"Search\" name=\"domain\" placeholder=\"Introduzca el nombre de dominio o la direcci&oacute;n IP...\">\n                        <button type=\"submit\" id=\"Submit\" class=\"wdc-style-1-clean-search-button\">\u041f\u0435\u0440\u0435\u0432\u0456\u0440\u0438\u0442\u0438<\/button>\n                    <\/div>\n\n                    \n\n                    <!-- Error messages -->\n                    <div class=\"wdc-style-1-clean-error-message req-domain-text\">\n                        \u0411\u0443\u0434\u044c \u043b\u0430\u0441\u043a\u0430, \u0432\u0432\u0435\u0434\u0456\u0442\u044c \u0434\u043e\u043c\u0435\u043d\u043d\u0435 \u0456\u043c'\u044f.\n                    <\/div>\n                    <div class=\"wdc-style-1-clean-error-message recaptcha-text\">\n                        \u0411\u0443\u0434\u044c \u043b\u0430\u0441\u043a\u0430, \u043f\u0456\u0434\u0442\u0432\u0435\u0440\u0434\u044c\u0442\u0435, \u0449\u043e \u0432\u0438 \u043b\u044e\u0434\u0438\u043d\u0430.\n                    <\/div>\n\n                    <!-- Loading skeleton -->\n                    <div id=\"loading\" class=\"wdc-style-1-clean-skeleton-container\">\n                        <div class=\"wdc-style-1-clean-skeleton-item\">\n                            <div class=\"wdc-style-1-clean-skeleton-content\">\n                                <div class=\"wdc-style-1-clean-skeleton-text wdc-style-1-clean-skeleton-domain\"><\/div>\n                                <div class=\"wdc-style-1-clean-skeleton-text wdc-style-1-clean-skeleton-status\"><\/div>\n                            <\/div>\n                            <div class=\"wdc-style-1-clean-skeleton-button\"><\/div>\n                        <\/div>\n                        <div class=\"wdc-style-1-clean-skeleton-item\">\n                            <div class=\"wdc-style-1-clean-skeleton-content\">\n                                <div class=\"wdc-style-1-clean-skeleton-text wdc-style-1-clean-skeleton-domain\"><\/div>\n                                <div class=\"wdc-style-1-clean-skeleton-text wdc-style-1-clean-skeleton-status\"><\/div>\n                            <\/div>\n                            <div class=\"wdc-style-1-clean-skeleton-button\"><\/div>\n                        <\/div>\n                        <div class=\"wdc-style-1-clean-skeleton-item\">\n                            <div class=\"wdc-style-1-clean-skeleton-content\">\n                                <div class=\"wdc-style-1-clean-skeleton-text wdc-style-1-clean-skeleton-domain\"><\/div>\n                                <div class=\"wdc-style-1-clean-skeleton-text wdc-style-1-clean-skeleton-status\"><\/div>\n                            <\/div>\n                            <div class=\"wdc-style-1-clean-skeleton-button\"><\/div>\n                        <\/div>\n                    <\/div>\n                <\/form>\n\n                <!-- Results container -->\n                <div id=\"results\" class=\"result wdc-style-1-clean-results-container large\">\n                    <pre id=\"wdc-whois\" style=\"display:none;\"><\/pre>\n                <\/div>\n            <\/div>\n        <\/div><\/div>\n\t\t\t\t\t\t<\/div>\n\t\t\t\t<\/div>\n\t\t\t\t\t<\/div>\n\t\t\t\t<\/div>\n\t\t<div class=\"elementor-element elementor-element-22d1311 e-flex e-con-boxed e-con e-parent\" data-id=\"22d1311\" data-element_type=\"container\" data-e-type=\"container\">\n\t\t\t\t\t<div class=\"e-con-inner\">\n\t\t\t\t<div class=\"elementor-element elementor-element-8de0ad8 elementor-widget elementor-widget-heading\" data-id=\"8de0ad8\" data-element_type=\"widget\" data-e-type=\"widget\" data-widget_type=\"heading.default\">\n\t\t\t\t\t<h2 class=\"elementor-heading-title elementor-size-default\">\u00bfQu\u00e9 informaci\u00f3n proporciona nuestro servicio WHOIS?<\/h2>\t\t\t\t<\/div>\n\t\t\t\t<div class=\"elementor-element elementor-element-0c3743d elementor-widget elementor-widget-text-editor\" data-id=\"0c3743d\" data-element_type=\"widget\" data-e-type=\"widget\" data-widget_type=\"text-editor.default\">\n\t\t\t\t\t\t\t\t\t<p>Al utilizar la herramienta de verificaci\u00f3n en WorkHost, obtendr\u00e1 un informe t\u00e9cnico completo sobre el estado del nombre de dominio o de la direcci\u00f3n IP:<\/p>\t\t\t\t\t\t\t\t<\/div>\n\t\t\t\t<div class=\"elementor-element elementor-element-e62a0ec elementor-icon-list--layout-traditional elementor-list-item-link-full_width elementor-widget elementor-widget-icon-list\" data-id=\"e62a0ec\" data-element_type=\"widget\" data-e-type=\"widget\" data-widget_type=\"icon-list.default\">\n\t\t\t\t\t\t\t<ul class=\"elementor-icon-list-items\">\n\t\t\t\t\t\t\t<li class=\"elementor-icon-list-item\">\n\t\t\t\t\t\t\t\t\t\t\t<span class=\"elementor-icon-list-icon\">\n\t\t\t\t\t\t\t<svg aria-hidden=\"true\" class=\"e-font-icon-svg e-fas-check\" viewBox=\"0 0 512 512\" xmlns=\"http:\/\/www.w3.org\/2000\/svg\"><path d=\"M173.898 439.404l-166.4-166.4c-9.997-9.997-9.997-26.206 0-36.204l36.203-36.204c9.997-9.998 26.207-9.998 36.204 0L192 312.69 432.095 72.596c9.997-9.997 26.207-9.997 36.204 0l36.203 36.204c9.997 9.997 9.997 26.206 0 36.204l-294.4 294.401c-9.998 9.997-26.207 9.997-36.204-.001z\"><\/path><\/svg>\t\t\t\t\t\t<\/span>\n\t\t\t\t\t\t\t\t\t\t<span class=\"elementor-icon-list-text\"><strong>Propietario (Registrant)<\/strong>: Informaci\u00f3n sobre la persona o entidad titular del dominio.<\/span>\n\t\t\t\t\t\t\t\t\t<\/li>\n\t\t\t\t\t\t\t\t<li class=\"elementor-icon-list-item\">\n\t\t\t\t\t\t\t\t\t\t\t<span class=\"elementor-icon-list-icon\">\n\t\t\t\t\t\t\t<svg aria-hidden=\"true\" class=\"e-font-icon-svg e-fas-check\" viewBox=\"0 0 512 512\" xmlns=\"http:\/\/www.w3.org\/2000\/svg\"><path d=\"M173.898 439.404l-166.4-166.4c-9.997-9.997-9.997-26.206 0-36.204l36.203-36.204c9.997-9.998 26.207-9.998 36.204 0L192 312.69 432.095 72.596c9.997-9.997 26.207-9.997 36.204 0l36.203 36.204c9.997 9.997 9.997 26.206 0 36.204l-294.4 294.401c-9.998 9.997-26.207 9.997-36.204-.001z\"><\/path><\/svg>\t\t\t\t\t\t<\/span>\n\t\t\t\t\t\t\t\t\t\t<span class=\"elementor-icon-list-text\"><strong>Datos del registrador<\/strong>: Identificaci\u00f3n de la empresa registradora oficial a trav\u00e9s de la cual se registr\u00f3 el dominio y enlace a su recurso para m\u00e1s detalles.<\/span>\n\t\t\t\t\t\t\t\t\t<\/li>\n\t\t\t\t\t\t\t\t<li class=\"elementor-icon-list-item\">\n\t\t\t\t\t\t\t\t\t\t\t<span class=\"elementor-icon-list-icon\">\n\t\t\t\t\t\t\t<svg aria-hidden=\"true\" class=\"e-font-icon-svg e-fas-check\" viewBox=\"0 0 512 512\" xmlns=\"http:\/\/www.w3.org\/2000\/svg\"><path d=\"M173.898 439.404l-166.4-166.4c-9.997-9.997-9.997-26.206 0-36.204l36.203-36.204c9.997-9.998 26.207-9.998 36.204 0L192 312.69 432.095 72.596c9.997-9.997 26.207-9.997 36.204 0l36.203 36.204c9.997 9.997 9.997 26.206 0 36.204l-294.4 294.401c-9.998 9.997-26.207 9.997-36.204-.001z\"><\/path><\/svg>\t\t\t\t\t\t<\/span>\n\t\t\t\t\t\t\t\t\t\t<span class=\"elementor-icon-list-text\"><strong>Estado del dominio<\/strong>: Situaci\u00f3n actual del objeto (Active, ClientHold, etc.), que permite saber <b>si el sitio web est\u00e1 operativo, bloqueado o en proceso de eliminaci\u00f3n.<\/b><\/span>\n\t\t\t\t\t\t\t\t\t<\/li>\n\t\t\t\t\t\t\t\t<li class=\"elementor-icon-list-item\">\n\t\t\t\t\t\t\t\t\t\t\t<span class=\"elementor-icon-list-icon\">\n\t\t\t\t\t\t\t<svg aria-hidden=\"true\" class=\"e-font-icon-svg e-fas-check\" viewBox=\"0 0 512 512\" xmlns=\"http:\/\/www.w3.org\/2000\/svg\"><path d=\"M173.898 439.404l-166.4-166.4c-9.997-9.997-9.997-26.206 0-36.204l36.203-36.204c9.997-9.998 26.207-9.998 36.204 0L192 312.69 432.095 72.596c9.997-9.997 26.207-9.997 36.204 0l36.203 36.204c9.997 9.997 9.997 26.206 0 36.204l-294.4 294.401c-9.998 9.997-26.207 9.997-36.204-.001z\"><\/path><\/svg>\t\t\t\t\t\t<\/span>\n\t\t\t\t\t\t\t\t\t\t<span class=\"elementor-icon-list-text\"><strong>Fechas importantes<\/strong>: Plazos exactos de registro, \u00faltima actualizaci\u00f3n y, lo m\u00e1s importante, la fecha de vencimiento de la delegaci\u00f3n. Esto le ayudar\u00e1 a no perder el momento en que un nombre interesante quede libre.<\/span>\n\t\t\t\t\t\t\t\t\t<\/li>\n\t\t\t\t\t\t\t\t<li class=\"elementor-icon-list-item\">\n\t\t\t\t\t\t\t\t\t\t\t<span class=\"elementor-icon-list-icon\">\n\t\t\t\t\t\t\t<svg aria-hidden=\"true\" class=\"e-font-icon-svg e-fas-check\" viewBox=\"0 0 512 512\" xmlns=\"http:\/\/www.w3.org\/2000\/svg\"><path d=\"M173.898 439.404l-166.4-166.4c-9.997-9.997-9.997-26.206 0-36.204l36.203-36.204c9.997-9.998 26.207-9.998 36.204 0L192 312.69 432.095 72.596c9.997-9.997 26.207-9.997 36.204 0l36.203 36.204c9.997 9.997 9.997 26.206 0 36.204l-294.4 294.401c-9.998 9.997-26.207 9.997-36.204-.001z\"><\/path><\/svg>\t\t\t\t\t\t<\/span>\n\t\t\t\t\t\t\t\t\t\t<span class=\"elementor-icon-list-text\"><strong>Servidores de nombres (DNS)<\/strong>: Lista de servidores NS encargados del funcionamiento del sitio web y del correo electr\u00f3nico. Esto es fundamental para el diagn\u00f3stico de la conexi\u00f3n o la configuraci\u00f3n del hosting.<\/span>\n\t\t\t\t\t\t\t\t\t<\/li>\n\t\t\t\t\t\t<\/ul>\n\t\t\t\t\t\t<\/div>\n\t\t\t\t\t<\/div>\n\t\t\t\t<\/div>\n\t\t<div class=\"elementor-element elementor-element-1b844ac e-flex e-con-boxed e-con e-parent\" data-id=\"1b844ac\" data-element_type=\"container\" data-e-type=\"container\">\n\t\t\t\t\t<div class=\"e-con-inner\">\n\t\t\t\t<div class=\"elementor-element elementor-element-04c9c58 elementor-widget elementor-widget-heading\" data-id=\"04c9c58\" data-element_type=\"widget\" data-e-type=\"widget\" data-widget_type=\"heading.default\">\n\t\t\t\t\t<span class=\"elementor-heading-title elementor-size-default\">Tenga en cuenta: Seg\u00fan el Reglamento General de Protecci\u00f3n de Datos (GDPR) y la configuraci\u00f3n de privacidad, la informaci\u00f3n personal del propietario (nombre, tel\u00e9fono) puede estar oculta bajo las frases \"not published\" o \"redacted for privacy\". En tales casos, para ponerse en contacto, debe dirigirse directamente al registrador a trav\u00e9s de sus canales oficiales.<\/span>\t\t\t\t<\/div>\n\t\t\t\t\t<\/div>\n\t\t\t\t<\/div>\n\t\t\t\t<\/div>\n\t\t","protected":false},"excerpt":{"rendered":"<p>Servicio de verificaci\u00f3n de dominios Registro de dominios Transferencia de dominio Precios de dominios C\u00f3mo elegir el dominio adecuado El servicio WHOIS proporciona acceso a los datos de registro de dominios y direcciones IP en tiempo real. Obtenga informaci\u00f3n actualizada sobre los propietarios, las fechas de registro y los servidores de nombres (NS). Esto no [&hellip;]<\/p>\n","protected":false},"author":1,"featured_media":1307,"parent":0,"menu_order":0,"comment_status":"closed","ping_status":"closed","template":"","meta":{"_acf_changed":false,"footnotes":""},"class_list":["post-1308","page","type-page","status-publish","has-post-thumbnail","hentry"],"blocksy_meta":{"has_hero_section":"enabled","hero_section":"type-2","parallax":{"desktop":true,"tablet":false,"mobile":false},"styles_descriptor":{"styles":{"desktop":"[data-prefix=\"single_page\"] .entry-header .page-title {--theme-font-family:'Open Sans', Sans-Serif;--theme-font-weight:600;--theme-font-size:58px;--theme-line-height:1;} [data-prefix=\"single_page\"] .entry-header .entry-meta {--theme-font-weight:600;--theme-text-transform:uppercase;--theme-font-size:12px;--theme-line-height:1.3;} [data-prefix=\"single_page\"] .hero-section[data-type=\"type-2\"] {background-color:var(--theme-palette-color-6);background-image:none;--container-padding:50px 0px;}","tablet":"","mobile":""},"google_fonts":{"Open Sans":["n6"]},"version":6},"hero_elements":[{"id":"custom_title","enabled":true,"heading_tag":"h1","title":"\u0413\u043e\u043b\u043e\u0432\u043d\u0430","__id":"g4DmdxyUH7oNMzDNcoVmm"},{"id":"breadcrumbs","enabled":true,"__id":"VCQHHXId6QL8o21td0B0o"},{"id":"custom_description","enabled":false,"description_visibility":{"desktop":true,"tablet":true,"mobile":false},"__id":"jOagmXkNCt4kvANFoOKX6"},{"id":"custom_meta","enabled":false,"meta_elements":[{"id":"author","enabled":true,"label":"\u0412\u0456\u0434","has_author_avatar":"yes","avatar_size":25},{"id":"post_date","enabled":true,"label":"\u0423\u0432\u0456\u043c\u043a","date_format_source":"default","date_format":"M j, Y"},{"id":"updated_date","enabled":false,"label":"\u0423\u0432\u0456\u043c\u043a","date_format_source":"default","date_format":"M j, Y"},{"id":"categories","enabled":false,"label":"\u0412","style":"simple"},{"id":"comments","enabled":true}],"page_meta_elements":{"joined":true,"articles_count":true,"comments":true},"__id":"W0ZT1rq1FZuPgTh6bXqs3"},{"id":"content-block","enabled":false,"__id":"rRLd8AOt8E3OR451Wydiu"}],"page_title_bg_type":"featured_image","custom_hero_background":{"attachment_id":null,"url":null},"disable_featured_image":"no","disable_share_box":"yes","pageTitleFont":{"family":"Open Sans","variation":"n6","size":"58px","line-height":"1","letter-spacing":"CT_CSS_SKIP_RULE","text-transform":"CT_CSS_SKIP_RULE","text-decoration":"CT_CSS_SKIP_RULE"}},"acf":[],"_links":{"self":[{"href":"https:\/\/workhost.pro\/es\/wp-json\/wp\/v2\/pages\/1308","targetHints":{"allow":["GET"]}}],"collection":[{"href":"https:\/\/workhost.pro\/es\/wp-json\/wp\/v2\/pages"}],"about":[{"href":"https:\/\/workhost.pro\/es\/wp-json\/wp\/v2\/types\/page"}],"author":[{"embeddable":true,"href":"https:\/\/workhost.pro\/es\/wp-json\/wp\/v2\/users\/1"}],"replies":[{"embeddable":true,"href":"https:\/\/workhost.pro\/es\/wp-json\/wp\/v2\/comments?post=1308"}],"version-history":[{"count":0,"href":"https:\/\/workhost.pro\/es\/wp-json\/wp\/v2\/pages\/1308\/revisions"}],"wp:featuredmedia":[{"embeddable":true,"href":"https:\/\/workhost.pro\/es\/wp-json\/wp\/v2\/media\/1307"}],"wp:attachment":[{"href":"https:\/\/workhost.pro\/es\/wp-json\/wp\/v2\/media?parent=1308"}],"curies":[{"name":"wp","href":"https:\/\/api.w.org\/{rel}","templated":true}]}}